{"id":302,"date":"2018-04-25T09:16:16","date_gmt":"2018-04-25T09:16:16","guid":{"rendered":"https:\/\/demo.themefreesia.com\/photograph\/?page_id=8"},"modified":"2026-02-24T21:49:17","modified_gmt":"2026-02-24T20:49:17","slug":"about-us","status":"publish","type":"page","link":"https:\/\/sarahhugi.ch\/?page_id=302","title":{"rendered":"\u00dcber mich"},"content":{"rendered":"<h2><strong>Ich bin Sarah Fotografin \/ Seelenfotografie<\/strong><\/h2>\n<p><strong>Ich zeige dir wie sch\u00f6n du bist, geh mit mir auf deine pers\u00f6nliche Reise. Zusammen finden wir den Raum des Vertrauens und des F\u00fchlens. Mit meiner liebevollen, feinf\u00fchligen und fr\u00f6hlichen Art, nehme ich dich in deiner Essenz wahr und bringe deine Einzigartigkeit zum Leuchten. <\/strong><\/p>\n<p><strong>Ich sehe dein Licht deine Idee und verbinde mich mit dir und lasse es durch meine Augen in Form der Fotografie sichtbar werden.\u00a0<\/strong><\/p>\n<p><strong>F\u00fcr\u00a0 dich ganz pers\u00f6nlich oder f\u00fcr dein Business welches du zum Ausdruck bringen m\u00f6chtest.<\/strong><br \/>\n<strong>Nat\u00fcrliche Bilder entstehen, welche dein wahres Sein sichtbar werden lassen. <\/strong><strong>In einem ersten Telefongespr\u00e4ch finden wir heraus, ob wir gemeinsam einen Weg finden deine innere Strahlkraft und Vision im Aussen zu zeigen.\u00a0<\/strong><\/p>\n<p><strong>Ich freue mich sehr auf deine Begegnung<\/strong><br \/>\n<strong>Von Herz zu Herz\u00a0<\/strong><br \/>\n<strong>Sarah<\/strong><\/p>\n","protected":false},"excerpt":{"rendered":"<p>Ich bin Sarah Fotografin \/ Seelenfotografie Ich zeige dir wie sch\u00f6n du bist, geh mit mir auf deine pers\u00f6nliche Reise. Zusammen finden wir den Raum&hellip; <\/p>\n","protected":false},"author":1,"featured_media":584,"parent":0,"menu_order":0,"comment_status":"closed","ping_status":"closed","template":"page-templates\/aboutus-template.php","meta":{"advanced_seo_description":"","jetpack_seo_html_title":"","jetpack_seo_noindex":false,"_themeisle_gutenberg_block_has_review":false,"footnotes":""},"class_list":["post-302","page","type-page","status-publish","has-post-thumbnail","hentry"],"jetpack_sharing_enabled":true,"_links":{"self":[{"href":"https:\/\/sarahhugi.ch\/index.php?rest_route=\/wp\/v2\/pages\/302","targetHints":{"allow":["GET"]}}],"collection":[{"href":"https:\/\/sarahhugi.ch\/index.php?rest_route=\/wp\/v2\/pages"}],"about":[{"href":"https:\/\/sarahhugi.ch\/index.php?rest_route=\/wp\/v2\/types\/page"}],"author":[{"embeddable":true,"href":"https:\/\/sarahhugi.ch\/index.php?rest_route=\/wp\/v2\/users\/1"}],"replies":[{"embeddable":true,"href":"https:\/\/sarahhugi.ch\/index.php?rest_route=%2Fwp%2Fv2%2Fcomments&post=302"}],"version-history":[{"count":28,"href":"https:\/\/sarahhugi.ch\/index.php?rest_route=\/wp\/v2\/pages\/302\/revisions"}],"predecessor-version":[{"id":866,"href":"https:\/\/sarahhugi.ch\/index.php?rest_route=\/wp\/v2\/pages\/302\/revisions\/866"}],"wp:featuredmedia":[{"embeddable":true,"href":"https:\/\/sarahhugi.ch\/index.php?rest_route=\/wp\/v2\/media\/584"}],"wp:attachment":[{"href":"https:\/\/sarahhugi.ch\/index.php?rest_route=%2Fwp%2Fv2%2Fmedia&parent=302"}],"curies":[{"name":"wp","href":"https:\/\/api.w.org\/{rel}","templated":true}]}}